{"id":11500,"date":"2026-02-13T14:40:24","date_gmt":"2026-02-13T13:40:24","guid":{"rendered":"https:\/\/parifex.smotdev.com\/privacy-policy\/"},"modified":"2026-02-13T14:40:25","modified_gmt":"2026-02-13T13:40:25","slug":"privacy-policy","status":"publish","type":"page","link":"https:\/\/parifex.smotdev.com\/en\/privacy-policy\/","title":{"rendered":"Privacy Policy"},"content":{"rendered":"\t\t<div data-elementor-type=\"wp-page\" data-elementor-id=\"11500\" class=\"elementor elementor-11500 elementor-50\" data-elementor-post-type=\"page\">\n\t\t\t\t<div class=\"elementor-element elementor-element-1edf252 section-px-md e-flex e-con-boxed e-con e-parent\" data-id=\"1edf252\" data-element_type=\"container\" data-e-type=\"container\" data-settings=\"{&quot;background_background&quot;:&quot;classic&quot;}\">\n\t\t\t\t\t<div class=\"e-con-inner\">\n\t\t<div class=\"elementor-element elementor-element-5c59fb1 custom-column e-con-full e-flex e-con e-child\" data-id=\"5c59fb1\" data-element_type=\"container\" data-e-type=\"container\">\n\t\t\t\t<div class=\"elementor-element elementor-element-d0d6a38 elementor-widget elementor-widget-heading\" data-id=\"d0d6a38\" data-element_type=\"widget\" data-e-type=\"widget\" data-widget_type=\"heading.default\">\n\t\t\t\t<div class=\"elementor-widget-container\">\n\t\t\t\t\t<h1 class=\"elementor-heading-title elementor-size-default\">Privacy Policy<\/h1>\t\t\t\t<\/div>\n\t\t\t\t<\/div>\n\t\t\t\t<\/div>\n\t\t\t\t\t<\/div>\n\t\t\t\t<\/div>\n\t\t<div class=\"elementor-element elementor-element-7b6417b section-px-md e-flex e-con-boxed e-con e-parent\" data-id=\"7b6417b\" data-element_type=\"container\" data-e-type=\"container\">\n\t\t\t\t\t<div class=\"e-con-inner\">\n\t\t\t\t<div class=\"elementor-element elementor-element-0f7447a elementor-align-left elementor-widget elementor-widget-breadcrumbs\" data-id=\"0f7447a\" data-element_type=\"widget\" data-e-type=\"widget\" data-widget_type=\"breadcrumbs.default\">\n\t\t\t\t<div class=\"elementor-widget-container\">\n\t\t\t\t\t<p id=\"breadcrumbs\"><span><span><a href=\"https:\/\/parifex.smotdev.com\/en\/\">Accueil<\/a><\/span><\/span><\/p>\t\t\t\t<\/div>\n\t\t\t\t<\/div>\n\t\t\t\t\t<\/div>\n\t\t\t\t<\/div>\n\t\t<div class=\"elementor-element elementor-element-bcfb0b0 section-px-md e-flex e-con-boxed e-con e-parent\" data-id=\"bcfb0b0\" data-element_type=\"container\" data-e-type=\"container\">\n\t\t\t\t\t<div class=\"e-con-inner\">\n\t\t\t\t<div class=\"elementor-element elementor-element-9c93307 elementor-widget elementor-widget-text-editor\" data-id=\"9c93307\" data-element_type=\"widget\" data-e-type=\"widget\" data-widget_type=\"text-editor.default\">\n\t\t\t\t<div class=\"elementor-widget-container\">\n\t\t\t\t\t\t\t\t\t<p>We take your privacy very seriously!<\/p>\n<p>Thank you for using our websites and services! Like you, we believe that personal integrity is important, and we take your privacy seriously. This privacy policy applies to any individual who shares their personal data directly or indirectly with PARIFEX when visiting our website.<\/p>\n<p>PARIFEX is a company established in France and, as such, we comply with French legislation on the protection of personal information (1998: 204), which implements the European Data Protection Directive 95\/46\/EC.<br \/>Our headquarters are located at 3\/5 rue des Vignes, 78220 Viroflay. Please feel free to contact us with any questions or concerns regarding data protection at: dpo-parifex@parifex.com.<br \/>In this privacy policy, we explain the types of personal data that may be processed and for what purposes. We also explain the choices you have regarding our processing and how you can learn more about our processing and your rights.<\/p>\n<h2><strong>SCOPE OF THE PRIVACY POLICY<\/strong><\/h2>\n<p>Please note that this privacy policy concerns the processing of personal data for which PARIFEX is the data controller.<br \/>To avoid any ambiguity, this Privacy Policy does not cover any personal data processing that PARIFEX may carry out as a Data Processor arising from your use of our services.<br \/>For more information on how our services may be used to facilitate your personal data processing, and on PARIFEX\u2019s responsibilities and commitments in relation to this, please refer to the applicable terms.<\/p>\n<h2><strong>PERSONAL DATA PROCESSED<\/strong><\/h2>\n<p>Personal data refers to data that identifies you as an individual. We may process the following types of personal data concerning you:<br \/> &#8211; Your contact details, including your first name, last name, job title, company, email address, and phone number.<br \/> &#8211; User information, for example if you log in to our service or visit our websites. This information may include IP address, device type and browser, time zone, geographic location, as well as your interests and preferences, and information on how you interact with our services, for example which features you use and which buttons you click.<br \/> &#8211; Other information we receive through your contacts.<\/p>\n<h2><strong>PURPOSES OF PROCESSING<\/strong><\/h2>\n<p>We process your personal data for the following purposes:<br \/> &#8211; To provide our services in accordance with the applicable terms<br \/> &#8211; To manage the business relationship with you and the PARIFEX client you represent<br \/> &#8211; To develop and improve our services<br \/> &#8211; To provide information and offers to current or potential PARIFEX clients regarding our solution through selected third parties. To avoid any ambiguity, any marketing material distributed using your personal data is sent to you in your capacity as a representative of a current or potential PARIFEX client and not to you as a private individual.<\/p>\n<h2><strong>SHARING WITH THIRD PARTIES AND TRANSFERS TO THIRD COUNTRIES<\/strong><\/h2>\n<p>We may share personal data with third parties for the purposes explained above. To avoid any doubt, we will not share personal data with third parties so that they use it for direct marketing purposes related to you as an individual, but only in your capacity as a representative of a current or potential PARIFEX client.<br \/> We may transfer personal data to a country outside the EEA, but we will first obtain your consent or ensure that the transfer is legal and secure by taking other measures.<br \/> As explained above, please note that this privacy policy does not cover any data processing for which you may be responsible as a result of using our services. You, or the party you represent, are always responsible for your processing of personal data in accordance with applicable law.<\/p>\n<h2><strong>SERVICES USED BY PARIFEX<\/strong><\/h2>\n<p>Google Analytics: used to analyze traffic on the website www.parifex.com<\/p>\n<h2><strong>YOUR RIGHTS<\/strong><\/h2>\n<p>We are obliged to process personal data that is accurate, relevant, and necessary while taking our legitimate purposes into account. You have the right to control us.<br \/> To update the personal data we process about you, please contact us at info@parifex.com. To receive a free copy of the personal data we process about you, send us a signed letter to the following address: PARIFEX, 3\/5 rue des Vignes, 78220 Viroflay.<\/p>\n\t\t\t\t\t\t\t\t<\/div>\n\t\t\t\t<\/div>\n\t\t\t\t\t<\/div>\n\t\t\t\t<\/div>\n\t\t\t\t<\/div>\n\t\t","protected":false},"excerpt":{"rendered":"<p>Privacy Policy We take your privacy very seriously! Thank you for using our websites and services! Like you, we believe that personal integrity is important, and we take your privacy seriously. This privacy policy applies to any individual who shares their personal data directly or indirectly with PARIFEX when visiting our website. PARIFEX is a [&hellip;]<\/p>\n","protected":false},"author":5,"featured_media":0,"parent":0,"menu_order":0,"comment_status":"closed","ping_status":"closed","template":"","meta":{"_acf_changed":false,"footnotes":""},"class_list":["post-11500","page","type-page","status-publish","hentry"],"acf":[],"yoast_head":"<!-- This site is optimized with the Yoast SEO plugin v27.4 - https:\/\/yoast.com\/product\/yoast-seo-wordpress\/ -->\n<title>PARIFEX Privacy Policy<\/title>\n<meta name=\"description\" content=\"PARIFEX is committed to protecting the privacy of its website visitors and makes it a point of honor to safeguard their personal data.\" \/>\n<meta name=\"robots\" content=\"index, follow, max-snippet:-1, max-image-preview:large, max-video-preview:-1\" \/>\n<link rel=\"canonical\" href=\"https:\/\/parifex.smotdev.com\/en\/privacy-policy\/\" \/>\n<meta property=\"og:locale\" content=\"en_US\" \/>\n<meta property=\"og:type\" content=\"article\" \/>\n<meta property=\"og:title\" content=\"PARIFEX Privacy Policy\" \/>\n<meta property=\"og:description\" content=\"PARIFEX is committed to protecting the privacy of its website visitors and makes it a point of honor to safeguard their personal data.\" \/>\n<meta property=\"og:url\" content=\"https:\/\/parifex.smotdev.com\/en\/privacy-policy\/\" \/>\n<meta property=\"og:site_name\" content=\"Parifex\" \/>\n<meta property=\"article:modified_time\" content=\"2026-02-13T13:40:25+00:00\" \/>\n<meta name=\"twitter:card\" content=\"summary_large_image\" \/>\n<meta name=\"twitter:label1\" content=\"Est. reading time\" \/>\n\t<meta name=\"twitter:data1\" content=\"3 minutes\" \/>\n<script type=\"application\/ld+json\" class=\"yoast-schema-graph\">{\"@context\":\"https:\\\/\\\/schema.org\",\"@graph\":[{\"@type\":\"WebPage\",\"@id\":\"https:\\\/\\\/parifex.smotdev.com\\\/en\\\/privacy-policy\\\/\",\"url\":\"https:\\\/\\\/parifex.smotdev.com\\\/en\\\/privacy-policy\\\/\",\"name\":\"PARIFEX Privacy Policy\",\"isPartOf\":{\"@id\":\"https:\\\/\\\/parifex.smotdev.com\\\/en\\\/#website\"},\"datePublished\":\"2026-02-13T13:40:24+00:00\",\"dateModified\":\"2026-02-13T13:40:25+00:00\",\"description\":\"PARIFEX is committed to protecting the privacy of its website visitors and makes it a point of honor to safeguard their personal data.\",\"breadcrumb\":{\"@id\":\"https:\\\/\\\/parifex.smotdev.com\\\/en\\\/privacy-policy\\\/#breadcrumb\"},\"inLanguage\":\"en-US\",\"potentialAction\":[{\"@type\":\"ReadAction\",\"target\":[\"https:\\\/\\\/parifex.smotdev.com\\\/en\\\/privacy-policy\\\/\"]}]},{\"@type\":\"BreadcrumbList\",\"@id\":\"https:\\\/\\\/parifex.smotdev.com\\\/en\\\/privacy-policy\\\/#breadcrumb\",\"itemListElement\":[{\"@type\":\"ListItem\",\"position\":1,\"name\":\"Accueil\",\"item\":\"https:\\\/\\\/parifex.smotdev.com\\\/en\\\/\"},{\"@type\":\"ListItem\",\"position\":2,\"name\":\"Privacy Policy\"}]},{\"@type\":\"WebSite\",\"@id\":\"https:\\\/\\\/parifex.smotdev.com\\\/en\\\/#website\",\"url\":\"https:\\\/\\\/parifex.smotdev.com\\\/en\\\/\",\"name\":\"Parifex\",\"description\":\"Expert en gestion de projet et s\u00e9curit\u00e9 routi\u00e8re\",\"publisher\":{\"@id\":\"https:\\\/\\\/parifex.smotdev.com\\\/en\\\/#organization\"},\"potentialAction\":[{\"@type\":\"SearchAction\",\"target\":{\"@type\":\"EntryPoint\",\"urlTemplate\":\"https:\\\/\\\/parifex.smotdev.com\\\/en\\\/?s={search_term_string}\"},\"query-input\":{\"@type\":\"PropertyValueSpecification\",\"valueRequired\":true,\"valueName\":\"search_term_string\"}}],\"inLanguage\":\"en-US\"},{\"@type\":\"Organization\",\"@id\":\"https:\\\/\\\/parifex.smotdev.com\\\/en\\\/#organization\",\"name\":\"Parifex\",\"url\":\"https:\\\/\\\/parifex.smotdev.com\\\/en\\\/\",\"logo\":{\"@type\":\"ImageObject\",\"inLanguage\":\"en-US\",\"@id\":\"https:\\\/\\\/parifex.smotdev.com\\\/en\\\/#\\\/schema\\\/logo\\\/image\\\/\",\"url\":\"https:\\\/\\\/parifex.smotdev.com\\\/wp-content\\\/uploads\\\/2019\\\/11\\\/logo-officiel-Parifex_03-fond-transparent.png\",\"contentUrl\":\"https:\\\/\\\/parifex.smotdev.com\\\/wp-content\\\/uploads\\\/2019\\\/11\\\/logo-officiel-Parifex_03-fond-transparent.png\",\"width\":622,\"height\":358,\"caption\":\"Parifex\"},\"image\":{\"@id\":\"https:\\\/\\\/parifex.smotdev.com\\\/en\\\/#\\\/schema\\\/logo\\\/image\\\/\"}}]}<\/script>\n<!-- \/ Yoast SEO plugin. -->","yoast_head_json":{"title":"PARIFEX Privacy Policy","description":"PARIFEX is committed to protecting the privacy of its website visitors and makes it a point of honor to safeguard their personal data.","robots":{"index":"index","follow":"follow","max-snippet":"max-snippet:-1","max-image-preview":"max-image-preview:large","max-video-preview":"max-video-preview:-1"},"canonical":"https:\/\/parifex.smotdev.com\/en\/privacy-policy\/","og_locale":"en_US","og_type":"article","og_title":"PARIFEX Privacy Policy","og_description":"PARIFEX is committed to protecting the privacy of its website visitors and makes it a point of honor to safeguard their personal data.","og_url":"https:\/\/parifex.smotdev.com\/en\/privacy-policy\/","og_site_name":"Parifex","article_modified_time":"2026-02-13T13:40:25+00:00","twitter_card":"summary_large_image","twitter_misc":{"Est. reading time":"3 minutes"},"schema":{"@context":"https:\/\/schema.org","@graph":[{"@type":"WebPage","@id":"https:\/\/parifex.smotdev.com\/en\/privacy-policy\/","url":"https:\/\/parifex.smotdev.com\/en\/privacy-policy\/","name":"PARIFEX Privacy Policy","isPartOf":{"@id":"https:\/\/parifex.smotdev.com\/en\/#website"},"datePublished":"2026-02-13T13:40:24+00:00","dateModified":"2026-02-13T13:40:25+00:00","description":"PARIFEX is committed to protecting the privacy of its website visitors and makes it a point of honor to safeguard their personal data.","breadcrumb":{"@id":"https:\/\/parifex.smotdev.com\/en\/privacy-policy\/#breadcrumb"},"inLanguage":"en-US","potentialAction":[{"@type":"ReadAction","target":["https:\/\/parifex.smotdev.com\/en\/privacy-policy\/"]}]},{"@type":"BreadcrumbList","@id":"https:\/\/parifex.smotdev.com\/en\/privacy-policy\/#breadcrumb","itemListElement":[{"@type":"ListItem","position":1,"name":"Accueil","item":"https:\/\/parifex.smotdev.com\/en\/"},{"@type":"ListItem","position":2,"name":"Privacy Policy"}]},{"@type":"WebSite","@id":"https:\/\/parifex.smotdev.com\/en\/#website","url":"https:\/\/parifex.smotdev.com\/en\/","name":"Parifex","description":"Expert en gestion de projet et s\u00e9curit\u00e9 routi\u00e8re","publisher":{"@id":"https:\/\/parifex.smotdev.com\/en\/#organization"},"potentialAction":[{"@type":"SearchAction","target":{"@type":"EntryPoint","urlTemplate":"https:\/\/parifex.smotdev.com\/en\/?s={search_term_string}"},"query-input":{"@type":"PropertyValueSpecification","valueRequired":true,"valueName":"search_term_string"}}],"inLanguage":"en-US"},{"@type":"Organization","@id":"https:\/\/parifex.smotdev.com\/en\/#organization","name":"Parifex","url":"https:\/\/parifex.smotdev.com\/en\/","logo":{"@type":"ImageObject","inLanguage":"en-US","@id":"https:\/\/parifex.smotdev.com\/en\/#\/schema\/logo\/image\/","url":"https:\/\/parifex.smotdev.com\/wp-content\/uploads\/2019\/11\/logo-officiel-Parifex_03-fond-transparent.png","contentUrl":"https:\/\/parifex.smotdev.com\/wp-content\/uploads\/2019\/11\/logo-officiel-Parifex_03-fond-transparent.png","width":622,"height":358,"caption":"Parifex"},"image":{"@id":"https:\/\/parifex.smotdev.com\/en\/#\/schema\/logo\/image\/"}}]}},"_links":{"self":[{"href":"https:\/\/parifex.smotdev.com\/en\/wp-json\/wp\/v2\/pages\/11500","targetHints":{"allow":["GET"]}}],"collection":[{"href":"https:\/\/parifex.smotdev.com\/en\/wp-json\/wp\/v2\/pages"}],"about":[{"href":"https:\/\/parifex.smotdev.com\/en\/wp-json\/wp\/v2\/types\/page"}],"author":[{"embeddable":true,"href":"https:\/\/parifex.smotdev.com\/en\/wp-json\/wp\/v2\/users\/5"}],"replies":[{"embeddable":true,"href":"https:\/\/parifex.smotdev.com\/en\/wp-json\/wp\/v2\/comments?post=11500"}],"version-history":[{"count":1,"href":"https:\/\/parifex.smotdev.com\/en\/wp-json\/wp\/v2\/pages\/11500\/revisions"}],"predecessor-version":[{"id":11501,"href":"https:\/\/parifex.smotdev.com\/en\/wp-json\/wp\/v2\/pages\/11500\/revisions\/11501"}],"wp:attachment":[{"href":"https:\/\/parifex.smotdev.com\/en\/wp-json\/wp\/v2\/media?parent=11500"}],"curies":[{"name":"wp","href":"https:\/\/api.w.org\/{rel}","templated":true}]}}